{"id":39395,"date":"2020-04-07T17:02:26","date_gmt":"2020-04-07T17:02:26","guid":{"rendered":"https:\/\/offbeatportugal.pt\/pt\/?page_id=39395"},"modified":"2020-04-07T17:05:34","modified_gmt":"2020-04-07T17:05:34","slug":"pousadas-de-portugal-alentejo","status":"publish","type":"page","link":"https:\/\/offbeatportugal.pt\/pt\/pousadas-de-portugal-alentejo\/","title":{"rendered":"Pousadas de Portugal Alentejo"},"content":{"rendered":"<p>[et_pb_section fb_built=&#8221;1&#8243; _builder_version=&#8221;4.1&#8243; background_color=&#8221;#eeeeee&#8221; custom_padding=&#8221;80px||80px||true|false&#8221;][et_pb_row use_custom_gutter=&#8221;on&#8221; gutter_width=&#8221;2&#8243; _builder_version=&#8221;4.1&#8243; width=&#8221;90%&#8221; max_width=&#8221;1200px&#8221;][et_pb_column type=&#8221;4_4&#8243; _builder_version=&#8221;4.1&#8243;][et_pb_text _builder_version=&#8221;4.1&#8243; text_font=&#8221;||||||||&#8221; header_font=&#8221;||||||||&#8221; header_2_font=&#8221;||||||||&#8221; header_3_font=&#8221;||||||||&#8221; header_3_text_color=&#8221;#999999&#8243; text_orientation=&#8221;center&#8221; custom_margin=&#8221;0px||0px||true&#8221; custom_padding=&#8221;0px||0px||true&#8221; animation_style=&#8221;slide&#8221; animation_direction=&#8221;top&#8221; animation_duration=&#8221;1500ms&#8221; hover_enabled=&#8221;0&#8243; header_font_size_last_edited=&#8221;off|desktop&#8221;]<\/p>\n<h1>Alentejo<\/h1>\n<p>[\/et_pb_text][et_pb_divider divider_position=&#8221;center&#8221; divider_weight=&#8221;1px&#8221; _builder_version=&#8221;4.1&#8243; max_width=&#8221;100px&#8221; module_alignment=&#8221;center&#8221; height=&#8221;30px&#8221; custom_margin=&#8221;0px||0px||true&#8221; custom_padding=&#8221;0px||0px||true&#8221; animation_style=&#8221;slide&#8221; animation_duration=&#8221;1500ms&#8221;]&nbsp;<br \/>\n[\/et_pb_divider][et_pb_blog fullwidth=&#8221;off&#8221; posts_number=&#8221;999&#8243; include_categories=&#8221;43&#8243; excerpt_length=&#8221;100&#8243; show_author=&#8221;off&#8221; show_date=&#8221;off&#8221; show_categories=&#8221;off&#8221; show_excerpt=&#8221;off&#8221; show_pagination=&#8221;off&#8221; use_overlay=&#8221;on&#8221; overlay_icon_color=&#8221;#ffffff&#8221; hover_overlay_color=&#8221;rgba(0,0,0,0.16)&#8221; hover_icon=&#8221;%%47%%&#8221; _builder_version=&#8221;4.1&#8243; text_orientation=&#8221;center&#8221; custom_padding=&#8221;30px||||false|false&#8221; hover_enabled=&#8221;0&#8243; border_width_all=&#8221;0px&#8221;][\/et_pb_blog][\/et_pb_column][\/et_pb_row][\/et_pb_section][et_pb_section fb_built=&#8221;1&#8243; disabled_on=&#8221;off|off|off&#8221; _builder_version=&#8221;3.10.1&#8243; background_color=&#8221;#414143&#8243; background_image=&#8221;https:\/\/offbeatportugal.pt\/pt\/wp-content\/uploads\/2018\/06\/Footer_tst_01.jpg&#8221; background_size=&#8221;contain&#8221; background_position=&#8221;top_left&#8221; custom_padding=&#8221;0px||0px|&#8221; custom_padding_tablet=&#8221;0px||0px|&#8221; padding_mobile=&#8221;on&#8221; global_module=&#8221;34289&#8243; locked=&#8221;off&#8221;][et_pb_row column_structure=&#8221;1_3,1_3,1_3&#8243; custom_padding_last_edited=&#8221;on|desktop&#8221; disabled_on=&#8221;off|off|off&#8221; _builder_version=&#8221;3.25&#8243; background_size=&#8221;initial&#8221; background_position=&#8221;top_left&#8221; background_repeat=&#8221;repeat&#8221; custom_margin=&#8221;0px||0px|&#8221; custom_padding=&#8221;40px||40px||true|false&#8221; custom_padding_tablet=&#8221;&#8221; custom_padding_phone=&#8221;&#8221;][et_pb_column type=&#8221;1_3&#8243; _builder_version=&#8221;3.25&#8243; custom_padding=&#8221;|||&#8221; custom_padding__hover=&#8221;|||&#8221;][et_pb_text admin_label=&#8221;Rodape nome do site&#8221; _builder_version=&#8221;3.27.4&#8243; text_font=&#8221;||||||||&#8221; header_font=&#8221;||||||||&#8221; background_size=&#8221;initial&#8221; background_position=&#8221;top_left&#8221; background_repeat=&#8221;repeat&#8221; background_layout=&#8221;dark&#8221; custom_margin=&#8221;0px||0px||true&#8221; custom_padding=&#8221;0px||0px||false&#8221;]<\/p>\n<h5>VIAGENS EXPERIENCIAIS<\/h5>\n<p>[\/et_pb_text][et_pb_text admin_label=&#8221;Rodape nome do site&#8221; module_class=&#8221;linkfooter OBlink&#8221; _builder_version=&#8221;3.27.4&#8243; text_font=&#8221;||||||||&#8221; text_text_color=&#8221;#cccccc&#8221; text_font_size=&#8221;13px&#8221; header_font=&#8221;||||||||&#8221; background_size=&#8221;initial&#8221; background_position=&#8221;top_left&#8221; background_repeat=&#8221;repeat&#8221; custom_margin=&#8221;0px||0px||true&#8221; custom_padding=&#8221;0px||0px||true&#8221;]<\/p>\n<p><img decoding=\"async\" style=\"padding: 3px;\" src=\"https:\/\/offbeatportugal.pt\/pt\/wp-content\/uploads\/2018\/06\/Offbeat_ico_quadrado_02.png\" \/> <a href=\"https:\/\/offbeatportugal.pt\/pt\/viagens-experienciais\/#LT\">Viagens de Luxo<\/a><br \/>\n<img decoding=\"async\" style=\"padding: 3px;\" src=\"https:\/\/offbeatportugal.pt\/pt\/wp-content\/uploads\/2018\/06\/Offbeat_ico_quadrado_02.png\" \/> <a href=\"https:\/\/offbeatportugal.pt\/pt\/viagens-experienciais\/#CS\">Servi\u00e7os de Concierge<\/a><br \/>\n<img decoding=\"async\" style=\"padding: 3px;\" src=\"https:\/\/offbeatportugal.pt\/pt\/wp-content\/uploads\/2018\/06\/Offbeat_ico_quadrado_02.png\" \/> <a href=\"https:\/\/offbeatportugal.pt\/pt\/viagens-experienciais\/#H\">Luas-de-Mel<\/a><br \/>\n<img decoding=\"async\" style=\"padding: 3px;\" src=\"https:\/\/offbeatportugal.pt\/pt\/wp-content\/uploads\/2018\/06\/Offbeat_ico_quadrado_02.png\" \/> <a href=\"https:\/\/offbeatportugal.pt\/pt\/viagens-experienciais\/#A\">Aventura<\/a><br \/>\n<img decoding=\"async\" style=\"padding: 3px;\" src=\"https:\/\/offbeatportugal.pt\/pt\/wp-content\/uploads\/2018\/06\/Offbeat_ico_quadrado_02.png\" \/> <a href=\"https:\/\/offbeatportugal.pt\/pt\/viagens-experienciais\/#FH\">F\u00e9rias em Fam\u00edlia<\/a><br \/>\n<img decoding=\"async\" style=\"padding: 3px;\" src=\"https:\/\/offbeatportugal.pt\/pt\/wp-content\/uploads\/2018\/06\/Offbeat_ico_quadrado_02.png\" \/> <a href=\"https:\/\/offbeatportugal.pt\/pt\/viagens-experienciais\/#HW\">Sa\u00fade e Bem-estar<\/a><\/p>\n<p>[\/et_pb_text][\/et_pb_column][et_pb_column type=&#8221;1_3&#8243; _builder_version=&#8221;3.25&#8243; custom_padding=&#8221;|||&#8221; custom_padding_tablet=&#8221;25px|||&#8221; custom_padding_phone=&#8221;&#8221; custom_padding_last_edited=&#8221;on|desktop&#8221; custom_padding__hover=&#8221;|||&#8221;][et_pb_image src=&#8221;https:\/\/offbeatportugal.pt\/pt\/wp-content\/uploads\/2018\/06\/Logo_teste_rodape_01.png&#8221; align=&#8221;center&#8221; align_tablet=&#8221;center&#8221; align_phone=&#8221;&#8221; align_last_edited=&#8221;on|desktop&#8221; _builder_version=&#8221;3.23&#8243; custom_margin=&#8221;0px||0px||true&#8221; custom_padding=&#8221;23px||0px||false&#8221; custom_padding_tablet=&#8221;20px||20px||true&#8221; custom_padding_phone=&#8221;&#8221; custom_padding_last_edited=&#8221;on|desktop&#8221;][\/et_pb_image][\/et_pb_column][et_pb_column type=&#8221;1_3&#8243; _builder_version=&#8221;3.25&#8243; custom_padding=&#8221;|||&#8221; custom_padding_tablet=&#8221;25px|||&#8221; custom_padding_phone=&#8221;&#8221; custom_padding_last_edited=&#8221;on|desktop&#8221; custom_padding__hover=&#8221;|||&#8221;][et_pb_contact_form captcha=&#8221;off&#8221; email=&#8221;info@offbeatportugal.pt&#8221; title=&#8221;Newsletter&#8221; custom_message=&#8221;Offbeat Portugal Newsletter (PT)||et_pb_line_break_holder||||et_pb_line_break_holder||Email: %%Email%%||et_pb_line_break_holder||||et_pb_line_break_holder||||et_pb_line_break_holder||||et_pb_line_break_holder||%%Data_Protection%%&#8221; success_message=&#8221;Agora est\u00e1 pronto\/a para receber todas as novidades sobre a Offbeat e Portugal!&#8221; submit_button_text=&#8221;Subscrever&#8221; module_id=&#8221;et_pb_contact_form_0&#8243; module_class=&#8221;FormFT notitle white btcolor02&#8243; _builder_version=&#8221;4.1&#8243; title_font=&#8221;||||||||&#8221; title_text_color=&#8221;#ffffff&#8221; title_font_size=&#8221;16px&#8221; form_field_font=&#8221;||||||||&#8221; custom_button=&#8221;on&#8221; button_text_size=&#8221;10px&#8221; button_text_color=&#8221;#ffffff&#8221; button_bg_color=&#8221;#111111&#8243; button_border_width=&#8221;0px&#8221; button_border_color=&#8221;#111111&#8243; button_font=&#8221;||||||||&#8221; button_icon_color=&#8221;#404041&#8243; text_orientation=&#8221;justified&#8221; max_width=&#8221;290px&#8221; module_alignment=&#8221;right&#8221; custom_margin=&#8221;0px||0px||true&#8221; custom_padding=&#8221;10px||10px||true&#8221; button_text_color_hover=&#8221;#ffffff&#8221; button_bg_color_hover=&#8221;#252525&#8243; button_border_color_hover=&#8221;#252525&#8243;][et_pb_contact_field field_id=&#8221;Email&#8221; field_title=&#8221;Endere\u00e7o de Email&#8221; field_type=&#8221;email&#8221; fullwidth_field=&#8221;on&#8221; _builder_version=&#8221;3.23&#8243; form_field_background_color=&#8221;rgba(0,0,0,0)&#8221; form_field_text_color=&#8221;#cccccc&#8221; form_field_font=&#8221;||||||||&#8221; form_field_font_size=&#8221;11px&#8221; custom_margin=&#8221;0px||0px||true&#8221; custom_padding=&#8221;0px||0px||true&#8221; border_width_all=&#8221;1px&#8221; border_color_all=&#8221;#555&#8243; field_background_color=&#8221;rgba(0,0,0,0)&#8221; button_text_size__hover_enabled=&#8221;off&#8221; button_one_text_size__hover_enabled=&#8221;off&#8221; button_two_text_size__hover_enabled=&#8221;off&#8221; button_text_color__hover_enabled=&#8221;off&#8221; button_one_text_color__hover_enabled=&#8221;off&#8221; button_two_text_color__hover_enabled=&#8221;off&#8221; button_border_width__hover_enabled=&#8221;off&#8221; button_one_border_width__hover_enabled=&#8221;off&#8221; button_two_border_width__hover_enabled=&#8221;off&#8221; button_border_color__hover_enabled=&#8221;off&#8221; button_one_border_color__hover_enabled=&#8221;off&#8221; button_two_border_color__hover_enabled=&#8221;off&#8221; button_border_radius__hover_enabled=&#8221;off&#8221; button_one_border_radius__hover_enabled=&#8221;off&#8221; button_two_border_radius__hover_enabled=&#8221;off&#8221; button_letter_spacing__hover_enabled=&#8221;off&#8221; button_one_letter_spacing__hover_enabled=&#8221;off&#8221; button_two_letter_spacing__hover_enabled=&#8221;off&#8221; button_bg_color__hover_enabled=&#8221;off&#8221; button_one_bg_color__hover_enabled=&#8221;off&#8221; button_two_bg_color__hover_enabled=&#8221;off&#8221;][\/et_pb_contact_field][et_pb_contact_field field_id=&#8221;Data_Protection&#8221; field_title=&#8221;Prote\u00e7\u00e3o de Dados&#8221; field_type=&#8221;checkbox&#8221; checkbox_options=&#8221;%91{%22value%22:%22Aceito que os meus dados pessoais sejam utilizados para receber newsletters.%22,%22checked%22:0,%22dragID%22:-1}%93&#8243; fullwidth_field=&#8221;on&#8221; _builder_version=&#8221;4.1&#8243; form_field_background_color=&#8221;rgba(0,0,0,0)&#8221; form_field_text_color=&#8221;#cccccc&#8221; form_field_font=&#8221;||||||||&#8221; form_field_font_size=&#8221;10px&#8221; text_orientation=&#8221;justified&#8221; custom_margin=&#8221;0px||15px||false|false&#8221; custom_padding=&#8221;8px||15px||false&#8221; border_width_all=&#8221;1px&#8221; border_color_all=&#8221;#555&#8243; field_background_color=&#8221;rgba(0,0,0,0)&#8221; button_text_size__hover_enabled=&#8221;off&#8221; button_one_text_size__hover_enabled=&#8221;off&#8221; button_two_text_size__hover_enabled=&#8221;off&#8221; button_text_color__hover_enabled=&#8221;off&#8221; button_one_text_color__hover_enabled=&#8221;off&#8221; button_two_text_color__hover_enabled=&#8221;off&#8221; button_border_width__hover_enabled=&#8221;off&#8221; button_one_border_width__hover_enabled=&#8221;off&#8221; button_two_border_width__hover_enabled=&#8221;off&#8221; button_border_color__hover_enabled=&#8221;off&#8221; button_one_border_color__hover_enabled=&#8221;off&#8221; button_two_border_color__hover_enabled=&#8221;off&#8221; button_border_radius__hover_enabled=&#8221;off&#8221; button_one_border_radius__hover_enabled=&#8221;off&#8221; button_two_border_radius__hover_enabled=&#8221;off&#8221; button_letter_spacing__hover_enabled=&#8221;off&#8221; button_one_letter_spacing__hover_enabled=&#8221;off&#8221; button_two_letter_spacing__hover_enabled=&#8221;off&#8221; button_bg_color__hover_enabled=&#8221;off&#8221; button_one_bg_color__hover_enabled=&#8221;off&#8221; button_two_bg_color__hover_enabled=&#8221;off&#8221;][\/et_pb_contact_field][\/et_pb_contact_form][\/et_pb_column][\/et_pb_row][et_pb_row use_custom_gutter=&#8221;on&#8221; gutter_width=&#8221;1&#8243; module_class=&#8221; et_pb_row_fullwidth&#8221; _builder_version=&#8221;3.25&#8243; width=&#8221;100%&#8221; width_tablet=&#8221;100%&#8221; width_phone=&#8221;&#8221; width_last_edited=&#8221;on|desktop&#8221; max_width=&#8221;100%&#8221; max_width_tablet=&#8221;100%&#8221; max_width_phone=&#8221;&#8221; max_width_last_edited=&#8221;on|desktop&#8221; custom_margin=&#8221;0px||0px||true&#8221; custom_padding=&#8221;0px||0px||true&#8221; border_width_top=&#8221;1px&#8221; border_color_top=&#8221;#555&#8243; make_fullwidth=&#8221;on&#8221;][et_pb_column type=&#8221;4_4&#8243; _builder_version=&#8221;3.25&#8243; custom_padding=&#8221;|||&#8221; custom_padding__hover=&#8221;|||&#8221;][\/et_pb_column][\/et_pb_row][et_pb_row use_custom_gutter=&#8221;on&#8221; gutter_width=&#8221;1&#8243; column_padding_mobile=&#8221;on&#8221; _builder_version=&#8221;3.25&#8243; background_size=&#8221;initial&#8221; background_position=&#8221;top_left&#8221; background_repeat=&#8221;repeat&#8221; custom_margin=&#8221;0px||0px|&#8221; custom_padding=&#8221;30px||30px||true&#8221; border_color_all=&#8221;#555555&#8243;][et_pb_column type=&#8221;4_4&#8243; _builder_version=&#8221;3.25&#8243; custom_padding=&#8221;|||&#8221; custom_padding__hover=&#8221;|||&#8221;][et_pb_social_media_follow disabled_on=&#8221;off|off|off&#8221; _builder_version=&#8221;3.9&#8243; text_orientation=&#8221;center&#8221; custom_margin=&#8221;0px||0px||true&#8221; custom_padding=&#8221;0px||15px||false&#8221; custom_padding_tablet=&#8221;0px|||&#8221; custom_padding_last_edited=&#8221;off|desktop&#8221; border_radii=&#8221;on|50px|50px|50px|50px&#8221; border_width_all=&#8221;2px&#8221; border_color_all=&#8221;#ffffff&#8221;][et_pb_social_media_follow_network social_network=&#8221;facebook&#8221; url=&#8221;https:\/\/www.facebook.com\/Offbeat-Portugal-271753630034258\/&#8221; _builder_version=&#8221;3.7&#8243; background_color=&#8221;#404041&#8243; custom_margin=&#8221;0px||0px||true&#8221; custom_padding=&#8221;0px||0px||true&#8221; follow_button=&#8221;off&#8221; url_new_window=&#8221;on&#8221;]facebook[\/et_pb_social_media_follow_network][et_pb_social_media_follow_network social_network=&#8221;instagram&#8221; url=&#8221;https:\/\/www.instagram.com\/offbeat_portugal\/&#8221; _builder_version=&#8221;3.7&#8243; background_color=&#8221;#404041&#8243; custom_margin=&#8221;0px||0px||true&#8221; custom_padding=&#8221;0px||0px||true&#8221; follow_button=&#8221;off&#8221; url_new_window=&#8221;on&#8221;]instagram[\/et_pb_social_media_follow_network][\/et_pb_social_media_follow][et_pb_image src=&#8221;https:\/\/offbeatportugal.pt\/pt\/wp-content\/uploads\/2018\/07\/Logo_Membro_TDL_03.png&#8221; url=&#8221;https:\/\/www.visitlisboa.com\/pt-pt\/offbeat-portugal-0&#8243; url_new_window=&#8221;on&#8221; align=&#8221;center&#8221; align_tablet=&#8221;center&#8221; align_phone=&#8221;&#8221; align_last_edited=&#8221;on|desktop&#8221; module_class=&#8221;parceriaFOT&#8221; _builder_version=&#8221;3.23&#8243; module_alignment=&#8221;center&#8221; custom_margin=&#8221;0px||0px|&#8221; custom_padding=&#8221;0px||0px|&#8221; custom_padding_tablet=&#8221;15px||15px||true&#8221; custom_padding_phone=&#8221;&#8221; custom_padding_last_edited=&#8221;on|desktop&#8221;][\/et_pb_image][et_pb_text admin_label=&#8221;Rodape nome do site&#8221; _builder_version=&#8221;3.27.4&#8243; text_font=&#8221;||||||||&#8221; header_font=&#8221;||||||||&#8221; background_size=&#8221;initial&#8221; background_position=&#8221;top_left&#8221; background_repeat=&#8221;repeat&#8221; text_orientation=&#8221;center&#8221; background_layout=&#8221;dark&#8221; custom_margin=&#8221;0px||0px||true&#8221; custom_padding=&#8221;0px||0px||false&#8221;]<\/p>\n<p>\u00a9 Offbeat Portugal | RNAVT: 7856<\/p>\n<p>[\/et_pb_text][et_pb_text admin_label=&#8221;Rodape nome do site&#8221; module_class=&#8221;linkfooter OBlink&#8221; _builder_version=&#8221;3.27.4&#8243; text_font=&#8221;||||||||&#8221; text_text_color=&#8221;#cccccc&#8221; text_font_size=&#8221;12px&#8221; header_font=&#8221;||||||||&#8221; background_size=&#8221;initial&#8221; background_position=&#8221;top_left&#8221; background_repeat=&#8221;repeat&#8221; text_orientation=&#8221;center&#8221; custom_margin=&#8221;0px||0px||true&#8221; custom_padding=&#8221;0px||0px||true&#8221;]<\/p>\n<p><a target=\"_blank\" href=\"https:\/\/www.livroreclamacoes.pt\/inicio\" rel=\"noopener noreferrer\">Livro de reclama\u00e7\u00f5es<\/a> | <a href=\"https:\/\/offbeatportugal.pt\/pt\/protecao-de-dados\/#PP\">Pol\u00edtica de Privacidade<\/a> | <a href=\"https:\/\/offbeatportugal.pt\/pt\/protecao-de-dados\/#RLO\">Resolu\u00e7\u00e3o de Lit\u00edgios Online<\/a> | <a href=\"https:\/\/offbeatportugal.pt\/pt\/protecao-de-dados\/#PC\">Pol\u00edtica de Cookies<\/a> | <a href=\"https:\/\/offbeatportugal.pt\/pt\/protecao-de-dados\/#IP\">Propriedade intelectual<\/a><\/p>\n<p>[\/et_pb_text][et_pb_text admin_label=&#8221;Rodape nome do site&#8221; module_class=&#8221;linkfooter OBlink&#8221; _builder_version=&#8221;3.27.4&#8243; text_font=&#8221;||||||||&#8221; text_text_color=&#8221;#cccccc&#8221; text_font_size=&#8221;13px&#8221; header_font=&#8221;||||||||&#8221; background_size=&#8221;initial&#8221; background_position=&#8221;top_left&#8221; background_repeat=&#8221;repeat&#8221; text_orientation=&#8221;center&#8221; custom_margin=&#8221;0px||0px||true&#8221; custom_padding=&#8221;0px||0px||true&#8221;]<\/p>\n<p>webdesign by: <a href=\"https:\/\/criativo.net\/\" target=\"_blank\" rel=\"noopener noreferrer\">criativo.net<\/a><\/p>\n<p>[\/et_pb_text][\/et_pb_column][\/et_pb_row][\/et_pb_section]<\/p>\n","protected":false},"excerpt":{"rendered":"<p>Alentejo&nbsp; VIAGENS EXPERIENCIAIS Viagens de Luxo Servi\u00e7os de Concierge Luas-de-Mel Aventura F\u00e9rias em Fam\u00edlia Sa\u00fade e Bem-estarfacebookinstagram\u00a9 Offbeat Portugal | RNAVT: 7856Livro de reclama\u00e7\u00f5es | Pol\u00edtica de Privacidade | Resolu\u00e7\u00e3o de Lit\u00edgios Online | Pol\u00edtica de Cookies | Propriedade intelectualwebdesign by: criativo.net<\/p>\n","protected":false},"author":3,"featured_media":0,"parent":0,"menu_order":0,"comment_status":"closed","ping_status":"closed","template":"","meta":{"_et_pb_use_builder":"on","_et_pb_old_content":"","_et_gb_content_width":"","_joinchat":[],"footnotes":""},"class_list":["post-39395","page","type-page","status-publish","hentry"],"_links":{"self":[{"href":"https:\/\/offbeatportugal.pt\/pt\/wp-json\/wp\/v2\/pages\/39395","targetHints":{"allow":["GET"]}}],"collection":[{"href":"https:\/\/offbeatportugal.pt\/pt\/wp-json\/wp\/v2\/pages"}],"about":[{"href":"https:\/\/offbeatportugal.pt\/pt\/wp-json\/wp\/v2\/types\/page"}],"author":[{"embeddable":true,"href":"https:\/\/offbeatportugal.pt\/pt\/wp-json\/wp\/v2\/users\/3"}],"replies":[{"embeddable":true,"href":"https:\/\/offbeatportugal.pt\/pt\/wp-json\/wp\/v2\/comments?post=39395"}],"version-history":[{"count":3,"href":"https:\/\/offbeatportugal.pt\/pt\/wp-json\/wp\/v2\/pages\/39395\/revisions"}],"predecessor-version":[{"id":39432,"href":"https:\/\/offbeatportugal.pt\/pt\/wp-json\/wp\/v2\/pages\/39395\/revisions\/39432"}],"wp:attachment":[{"href":"https:\/\/offbeatportugal.pt\/pt\/wp-json\/wp\/v2\/media?parent=39395"}],"curies":[{"name":"wp","href":"https:\/\/api.w.org\/{rel}","templated":true}]}}