{"id":36446,"date":"2018-06-15T09:40:28","date_gmt":"2018-06-15T09:40:28","guid":{"rendered":"http:\/\/offbeatportugal.pt\/pt\/?page_id=36446"},"modified":"2018-07-09T16:39:06","modified_gmt":"2018-07-09T16:39:06","slug":"contact-form","status":"publish","type":"page","link":"https:\/\/offbeatportugal.pt\/pt\/contact-form\/","title":{"rendered":"Contact Form"},"content":{"rendered":"<p>[et_pb_section fb_built=&#8221;1&#8243; _builder_version=&#8221;3.0.47&#8243; locked=&#8221;off&#8221;][et_pb_row custom_padding=&#8221;100px||100px||true&#8221; custom_padding_tablet=&#8221;80px||80px||true&#8221; custom_margin=&#8221;0px||0px||true&#8221; custom_padding_last_edited=&#8221;on|desktop&#8221; _builder_version=&#8221;3.6&#8243; background_size=&#8221;initial&#8221; background_position=&#8221;top_left&#8221; background_repeat=&#8221;repeat&#8221; animation_style=&#8221;fade&#8221;][et_pb_column type=&#8221;4_4&#8243; _builder_version=&#8221;3.0.47&#8243; parallax=&#8221;off&#8221; parallax_method=&#8221;on&#8221;][et_pb_text _builder_version=&#8221;3.9&#8243; text_font=&#8221;||||||||&#8221; header_font=&#8221;||||||||&#8221; header_text_align=&#8221;center&#8221; header_font_size_tablet=&#8221;26px&#8221; header_font_size_phone=&#8221;24px&#8221; header_font_size_last_edited=&#8221;off|desktop&#8221; header_3_font=&#8221;||||||||&#8221; header_3_text_align=&#8221;center&#8221; header_3_text_color=&#8221;#999&#8243; text_orientation=&#8221;justified&#8221; custom_margin=&#8221;0px||0px||true&#8221; custom_padding=&#8221;0px||0px||true&#8221; animation_style=&#8221;slide&#8221; animation_direction=&#8221;top&#8221; animation_duration=&#8221;1500ms&#8221;]<\/p>\n<h1 >PLANEAR UMA VIAGEM<\/h1>\n<h3 style=\"padding-bottom: 0px;\">ALGO INCR\u00cdVEL EST\u00c1 PRESTES A SER PLANEADO<\/h3>\n<p>[\/et_pb_text][et_pb_divider divider_position=&#8221;center&#8221; divider_weight=&#8221;1px&#8221; height=&#8221;70px&#8221; _builder_version=&#8221;3.6&#8243; max_width=&#8221;100px&#8221; module_alignment=&#8221;center&#8221; custom_margin=&#8221;0px||0px||true&#8221; custom_padding=&#8221;0px||0px||true&#8221; animation_style=&#8221;slide&#8221; animation_duration=&#8221;1500ms&#8221;][\/et_pb_divider][et_pb_text _builder_version=&#8221;3.9&#8243; text_font=&#8221;||||||||&#8221; text_font_size=&#8221;17px&#8221; text_font_size_tablet=&#8221;16px&#8221; text_font_size_last_edited=&#8221;on|desktop&#8221; header_font=&#8221;||||||||&#8221; header_2_font=&#8221;||||||||&#8221; text_orientation=&#8221;center&#8221; custom_margin=&#8221;0px||0px||true&#8221; custom_padding=&#8221;0px||40px||false&#8221; animation_style=&#8221;fade&#8221; animation_duration=&#8221;1500ms&#8221;]<\/p>\n<p style=\"padding-bottom: 8px;\">Quer saber mais sobre a Offbeat Portugal, reservar a sua pr\u00f3xima viagem ou planear um evento especial?<\/p>\n<p>Por favor preencha o formul\u00e1rio abaixo e entraremos em contacto consigo assim que poss\u00edvel.<\/p>\n<p>[\/et_pb_text][et_pb_contact_form captcha=&#8221;off&#8221; email=&#8221;info@offbeatportugal.pt&#8221; custom_message=&#8221;FORMUL\u00c1RIO DE CONTACTO &#8212; OFFBEAT  PORTUGAL (PT)||et_pb_line_break_holder||||et_pb_line_break_holder||||et_pb_line_break_holder||Primeiro Nome: %%First_Name%%||et_pb_line_break_holder||Apelido: %%Last_Name%%||et_pb_line_break_holder||Nacionalidade: %%Nationality%%||et_pb_line_break_holder||Email:  %%Email%%||et_pb_line_break_holder||||et_pb_line_break_holder||Data de chegada: %%Arrival_Date%%||et_pb_line_break_holder||Data de partida: %%Departure_Date%%||et_pb_line_break_holder||N\u00famero de pessoas: %%People_Traveling%%||et_pb_line_break_holder||Servi\u00e7o de interesse: %%Interested_In%%||et_pb_line_break_holder||||et_pb_line_break_holder||Mensagem: %%Tell_us_more%%||et_pb_line_break_holder||||et_pb_line_break_holder||M\u00e9todo de conhecimento: %%How_did_you_find_us%%||et_pb_line_break_holder||||et_pb_line_break_holder||||et_pb_line_break_holder||||et_pb_line_break_holder||%%DataProtection%%&#8221; success_message=&#8221;A sua Mensagem foi enviada com sucesso, responderemos brevemente!&#8221; submit_button_text=&#8221;Enviar&#8221; form_background_color=&#8221;rgba(0,0,0,0)&#8221; module_id=&#8221;et_pb_contact_form_1&#8243; module_class=&#8221;FormOB&#8221; _builder_version=&#8221;3.9&#8243; title_font=&#8221;||||||||&#8221; form_field_font=&#8221;||||||||&#8221; form_field_font_size=&#8221;12px&#8221; form_field_letter_spacing=&#8221;1px&#8221; border_width_all=&#8221;1px&#8221; border_color_all=&#8221;#cccccc&#8221; text_orientation=&#8221;left&#8221; custom_margin=&#8221;0px||0px||true&#8221; custom_padding=&#8221;0px||0px||true&#8221; custom_css_contact_button=&#8221;top: 10px;&#8221;][et_pb_contact_field field_id=&#8221;First_Name&#8221; field_title=&#8221;NOME&#8221; _builder_version=&#8221;3.9&#8243;][\/et_pb_contact_field][et_pb_contact_field field_id=&#8221;Last_Name&#8221; field_title=&#8221;SOBRENOME&#8221; _builder_version=&#8221;3.9&#8243;][\/et_pb_contact_field][et_pb_contact_field field_id=&#8221;Nationality&#8221; field_title=&#8221;NACIONALIDADE&#8221; _builder_version=&#8221;3.9&#8243;][\/et_pb_contact_field][et_pb_contact_field field_id=&#8221;Email&#8221; field_title=&#8221;ENDERE\u00c7O DE EMAIL&#8221; field_type=&#8221;email&#8221; _builder_version=&#8221;3.9&#8243;][\/et_pb_contact_field][et_pb_contact_field field_id=&#8221;Arrival_Date&#8221; field_title=&#8221;DATA DE CHEGADA&#8221; _builder_version=&#8221;3.9&#8243;][\/et_pb_contact_field][et_pb_contact_field field_id=&#8221;Departure_Date&#8221; field_title=&#8221;DATA DE PARTIDA&#8221; _builder_version=&#8221;3.9&#8243;][\/et_pb_contact_field][et_pb_contact_field field_id=&#8221;People_Traveling&#8221; field_title=&#8221;QUANTAS PESSOAS IR\u00c3O VIAJAR?&#8221; field_type=&#8221;select&#8221; select_options=&#8221;%91{%22value%22:%221%22,%22checked%22:0,%22dragID%22:-1},{%22dragID%22:0,%22value%22:%222%22,%22checked%22:0},{%22dragID%22:1,%22value%22:%223%22,%22checked%22:0},{%22dragID%22:2,%22value%22:%224%22,%22checked%22:0},{%22dragID%22:3,%22value%22:%225%22,%22checked%22:0},{%22dragID%22:4,%22value%22:%226%22,%22checked%22:0},{%22dragID%22:5,%22value%22:%227%22,%22checked%22:0},{%22dragID%22:6,%22value%22:%228%22,%22checked%22:0},{%22dragID%22:7,%22value%22:%229%22,%22checked%22:0},{%22dragID%22:8,%22value%22:%2210+%22,%22checked%22:0}%93&#8243; _builder_version=&#8221;3.9&#8243;][\/et_pb_contact_field][et_pb_contact_field field_id=&#8221;Interested_In&#8221; field_title=&#8221;QUAL O SEU INTERESSE?&#8221; field_type=&#8221;select&#8221; select_options=&#8221;%91{%22value%22:%22Viagens de Luxo%22,%22checked%22:0,%22dragID%22:-1},{%22dragID%22:0,%22value%22:%22Servi\u00e7os de Concierge%22,%22checked%22:0},{%22dragID%22:1,%22value%22:%22Lua-de-Mel%22,%22checked%22:0},{%22dragID%22:2,%22value%22:%22Aventura%22,%22checked%22:0},{%22dragID%22:6,%22value%22:%22F\u00e9rias em Fam\u00edlia%22,%22checked%22:0},{%22dragID%22:3,%22value%22:%22Sa\u00fade e Bem-Estar%22,%22checked%22:0},{%22dragID%22:4,%22value%22:%22Viagem de Incentivo%22,%22checked%22:0},{%22value%22:%22Evento Especial%22,%22checked%22:0,%22dragID%22:5}%93&#8243; _builder_version=&#8221;3.9&#8243;][\/et_pb_contact_field][et_pb_contact_field field_id=&#8221;How_did_you_find_us&#8221; field_title=&#8221;COMO NOS ENCONTROU?&#8221; field_type=&#8221;select&#8221; select_options=&#8221;%91{%22value%22:%22Refer\u00eancia de outro cliente \u2013 Amigos e Fam\u00edlia%22,%22checked%22:0,%22dragID%22:-1},{%22dragID%22:0,%22value%22:%22Agente de Viagens%22,%22checked%22:0},{%22dragID%22:1,%22value%22:%22Google%22,%22checked%22:0},{%22dragID%22:2,%22value%22:%22Imprensa%22,%22checked%22:0},{%22dragID%22:3,%22value%22:%22Redes Sociais%22,%22checked%22:0},{%22dragID%22:4,%22value%22:%22Outro%22,%22checked%22:0}%93&#8243; fullwidth_field=&#8221;on&#8221; _builder_version=&#8221;3.9&#8243; custom_margin=&#8221;|||&#8221; custom_padding=&#8221;|||&#8221;][\/et_pb_contact_field][et_pb_contact_field field_id=&#8221;Tell_us_more&#8221; field_title=&#8221;DIGA-NOS MAIS\u2026&#8221; field_type=&#8221;text&#8221; fullwidth_field=&#8221;on&#8221; _builder_version=&#8221;3.9&#8243; custom_margin=&#8221;||20px|&#8221; custom_padding=&#8221;||0px|&#8221;][\/et_pb_contact_field][et_pb_contact_field field_id=&#8221;DataProtection&#8221; field_title=&#8221;PROTE\u00c7\u00c3O DE DADOS&#8221; field_type=&#8221;checkbox&#8221; checkbox_options=&#8221;%91{%22value%22:%22Autorizo que os meus dados pessoais s\u00e3o utilizados para contactos futuros.%22,%22checked%22:0,%22dragID%22:-1}%93&#8243; fullwidth_field=&#8221;on&#8221; _builder_version=&#8221;3.9&#8243; custom_margin=&#8221;||||false&#8221; custom_padding=&#8221;||||false&#8221;][\/et_pb_contact_field][\/et_pb_contact_form][\/et_pb_column][\/et_pb_row][\/et_pb_section][et_pb_section fb_built=&#8221;1&#8243; disabled_on=&#8221;off|off|off&#8221; _builder_version=&#8221;3.6&#8243; background_color=&#8221;#414143&#8243; background_image=&#8221;http:\/\/offbeatportugal.pt\/pt\/wp-content\/uploads\/2018\/06\/Footer_tst_01.jpg&#8221; background_size=&#8221;contain&#8221; background_position=&#8221;top_left&#8221; custom_padding=&#8221;0px||0px|&#8221; custom_padding_tablet=&#8221;0px||0px|&#8221; padding_mobile=&#8221;on&#8221; global_module=&#8221;34289&#8243;][et_pb_row custom_padding=&#8221;40px||40px||true|false&#8221; custom_margin=&#8221;0px||0px|&#8221; custom_padding_last_edited=&#8221;on|desktop&#8221; parallax_method_1=&#8221;off&#8221; parallax_method_2=&#8221;off&#8221; parallax_method_3=&#8221;off&#8221; padding_2_tablet=&#8221;25px|||&#8221; padding_3_tablet=&#8221;25px|||&#8221; padding_2_last_edited=&#8221;on|desktop&#8221; padding_3_last_edited=&#8221;on|desktop&#8221; disabled_on=&#8221;off|off|off&#8221; _builder_version=&#8221;3.6&#8243; background_size=&#8221;initial&#8221; background_position=&#8221;top_left&#8221; background_repeat=&#8221;repeat&#8221;][et_pb_column type=&#8221;1_3&#8243; _builder_version=&#8221;3.0.47&#8243; parallax=&#8221;off&#8221; parallax_method=&#8221;off&#8221;][et_pb_text admin_label=&#8221;Rodape nome do site&#8221; _builder_version=&#8221;3.9&#8243; text_font=&#8221;||||||||&#8221; header_font=&#8221;||||||||&#8221; background_size=&#8221;initial&#8221; background_position=&#8221;top_left&#8221; background_repeat=&#8221;repeat&#8221; background_layout=&#8221;dark&#8221; custom_margin=&#8221;0px||0px||true&#8221; custom_padding=&#8221;0px||0px||false&#8221;]<\/p>\n<h5>VIAGENS EXPERIENCIAIS<\/h4>\n<p>[\/et_pb_text][et_pb_text admin_label=&#8221;Rodape nome do site&#8221; module_class=&#8221;linkfooter OBlink&#8221; _builder_version=&#8221;3.9&#8243; text_font=&#8221;||||||||&#8221; text_text_color=&#8221;#cccccc&#8221; text_font_size=&#8221;13px&#8221; header_font=&#8221;||||||||&#8221; background_size=&#8221;initial&#8221; background_position=&#8221;top_left&#8221; background_repeat=&#8221;repeat&#8221; custom_margin=&#8221;0px||0px||true&#8221; custom_padding=&#8221;0px||0px||true&#8221;]<\/p>\n<p><img decoding=\"async\" style=\"padding: 3px;\" src=\"http:\/\/offbeatportugal.pt\/pt\/wp-content\/uploads\/2018\/06\/Offbeat_ico_quadrado_02.png\"> <a href=\"http:\/\/offbeatportugal.pt\/pt\/experimental-travel\/#LT\">Viagens de Luxo<\/a><br \/><img decoding=\"async\" style=\"padding: 3px;\" src=\"http:\/\/offbeatportugal.pt\/pt\/wp-content\/uploads\/2018\/06\/Offbeat_ico_quadrado_02.png\"> <a href=\"http:\/\/offbeatportugal.pt\/pt\/experimental-travel\/#CS\">Servi\u00e7os de Concierge<\/a><br \/><img decoding=\"async\" style=\"padding: 3px;\" src=\"http:\/\/offbeatportugal.pt\/pt\/wp-content\/uploads\/2018\/06\/Offbeat_ico_quadrado_02.png\"> <a href=\"http:\/\/offbeatportugal.pt\/pt\/experimental-travel\/#H\">Luas-de-Mel<\/a><br \/><img decoding=\"async\" style=\"padding: 3px;\" src=\"http:\/\/offbeatportugal.pt\/pt\/wp-content\/uploads\/2018\/06\/Offbeat_ico_quadrado_02.png\"> <a href=\"http:\/\/offbeatportugal.pt\/pt\/experimental-travel\/#A\">Aventura<\/a><br \/><img decoding=\"async\" style=\"padding: 3px;\" src=\"http:\/\/offbeatportugal.pt\/pt\/wp-content\/uploads\/2018\/06\/Offbeat_ico_quadrado_02.png\"> <a href=\"http:\/\/offbeatportugal.pt\/pt\/experimental-travel\/#FH\">F\u00e9rias em Fam\u00edlia<\/a><br \/><img decoding=\"async\" style=\"padding: 3px;\" src=\"http:\/\/offbeatportugal.pt\/pt\/wp-content\/uploads\/2018\/06\/Offbeat_ico_quadrado_02.png\"> <a href=\"http:\/\/offbeatportugal.pt\/pt\/experimental-travel\/#HW\">Sa\u00fade e Bem-estar<\/a><\/p>\n<p>[\/et_pb_text][\/et_pb_column][et_pb_column type=&#8221;1_3&#8243; _builder_version=&#8221;3.0.47&#8243; padding_tablet=&#8221;25px|||&#8221; padding_last_edited=&#8221;on|desktop&#8221; parallax=&#8221;off&#8221; parallax_method=&#8221;off&#8221;][et_pb_image src=&#8221;http:\/\/offbeatportugal.pt\/pt\/wp-content\/uploads\/2018\/06\/Logo_teste_rodape_01.png&#8221; align=&#8221;center&#8221; _builder_version=&#8221;3.9&#8243; custom_margin=&#8221;0px||0px||true&#8221; custom_padding=&#8221;23px||0px||false&#8221; custom_padding_tablet=&#8221;20px||20px||true&#8221; custom_padding_last_edited=&#8221;on|desktop&#8221;][\/et_pb_image][\/et_pb_column][et_pb_column type=&#8221;1_3&#8243; _builder_version=&#8221;3.0.47&#8243; padding_tablet=&#8221;25px|||&#8221; padding_last_edited=&#8221;on|desktop&#8221; parallax=&#8221;off&#8221; parallax_method=&#8221;off&#8221;][et_pb_contact_form captcha=&#8221;off&#8221; email=&#8221;info@offbeatportugal.pt&#8221; title=&#8221;Newsletter&#8221; custom_message=&#8221;Offbeat Portugal Newsletter (PT)||et_pb_line_break_holder||||et_pb_line_break_holder||Email: %%Email%%||et_pb_line_break_holder||||et_pb_line_break_holder||||et_pb_line_break_holder||||et_pb_line_break_holder||%%Data_Protection%%&#8221; success_message=&#8221;Agora est\u00e1 pronto\/a para receber todas as novidades sobre a Offbeat e Portugal!&#8221; submit_button_text=&#8221;Subscrever&#8221; module_id=&#8221;et_pb_contact_form_0&#8243; module_class=&#8221;FormFT&#8221; _builder_version=&#8221;3.9&#8243; title_font=&#8221;||||||||&#8221; title_text_color=&#8221;#ffffff&#8221; title_font_size=&#8221;16px&#8221; form_field_font=&#8221;||||||||&#8221; custom_button=&#8221;on&#8221; button_text_size=&#8221;10px&#8221; button_text_color=&#8221;#ffffff&#8221; button_bg_color=&#8221;#111111&#8243; button_border_width=&#8221;0px&#8221; button_border_color=&#8221;#111111&#8243; button_font=&#8221;||||||||&#8221; button_icon_color=&#8221;#404041&#8243; button_text_color_hover=&#8221;#ffffff&#8221; button_bg_color_hover=&#8221;#252525&#8243; button_border_color_hover=&#8221;#252525&#8243; text_orientation=&#8221;justified&#8221; max_width=&#8221;290px&#8221; module_alignment=&#8221;right&#8221; custom_margin=&#8221;0px||0px||true&#8221; custom_padding=&#8221;10px||10px||true&#8221;][et_pb_contact_field field_id=&#8221;Email&#8221; field_title=&#8221;Endere\u00e7o de Email&#8221; field_type=&#8221;email&#8221; fullwidth_field=&#8221;on&#8221; field_background_color=&#8221;rgba(0,0,0,0)&#8221; _builder_version=&#8221;3.9&#8243; form_field_font=&#8221;||||||||&#8221; form_field_text_color=&#8221;#cccccc&#8221; form_field_font_size=&#8221;11px&#8221; border_radii=&#8221;on||||&#8221; border_width_all=&#8221;1px&#8221; border_color_all=&#8221;#555&#8243; custom_margin=&#8221;0px||0px||true&#8221; custom_padding=&#8221;0px||0px||true&#8221;][\/et_pb_contact_field][et_pb_contact_field field_id=&#8221;Data_Protection&#8221; field_title=&#8221;Prote\u00e7\u00e3o de Dados&#8221; field_type=&#8221;checkbox&#8221; checkbox_options=&#8221;%91{%22value%22:%22Aceito que os meus dados pessoais sejam utilizados para receber newsletters.%22,%22checked%22:0,%22dragID%22:-1}%93&#8243; fullwidth_field=&#8221;on&#8221; field_background_color=&#8221;rgba(0,0,0,0)&#8221; _builder_version=&#8221;3.9&#8243; form_field_font=&#8221;||||||||&#8221; form_field_text_color=&#8221;#cccccc&#8221; form_field_font_size=&#8221;10px&#8221; border_width_all=&#8221;1px&#8221; border_color_all=&#8221;#555&#8243; text_orientation=&#8221;justified&#8221; custom_margin=&#8221;0px||0px||true&#8221; custom_padding=&#8221;8px||15px||false&#8221;][\/et_pb_contact_field][\/et_pb_contact_form][\/et_pb_column][\/et_pb_row][et_pb_row make_fullwidth=&#8221;on&#8221; use_custom_gutter=&#8221;on&#8221; gutter_width=&#8221;1&#8243; custom_padding=&#8221;0px||0px||true&#8221; custom_margin=&#8221;0px||0px||true&#8221; _builder_version=&#8221;3.9&#8243; border_width_top=&#8221;1px&#8221; border_color_top=&#8221;#555&#8243;][et_pb_column type=&#8221;4_4&#8243; _builder_version=&#8221;3.9&#8243; parallax=&#8221;off&#8221; parallax_method=&#8221;on&#8221;][\/et_pb_column][\/et_pb_row][et_pb_row use_custom_gutter=&#8221;on&#8221; gutter_width=&#8221;1&#8243; custom_padding=&#8221;30px||30px||true&#8221; custom_margin=&#8221;0px||0px|&#8221; column_padding_mobile=&#8221;on&#8221; parallax_method_1=&#8221;off&#8221; parallax_method_2=&#8221;off&#8221; parallax_method_3=&#8221;off&#8221; _builder_version=&#8221;3.9&#8243; background_size=&#8221;initial&#8221; background_position=&#8221;top_left&#8221; background_repeat=&#8221;repeat&#8221; border_color_all=&#8221;#555555&#8243;][et_pb_column type=&#8221;4_4&#8243; _builder_version=&#8221;3.0.47&#8243; column_padding_mobile=&#8221;on&#8221; parallax=&#8221;off&#8221; parallax_method=&#8221;off&#8221;][et_pb_social_media_follow disabled_on=&#8221;off|off|off&#8221; _builder_version=&#8221;3.9&#8243; border_radii=&#8221;on|50px|50px|50px|50px&#8221; border_width_all=&#8221;2px&#8221; border_color_all=&#8221;#ffffff&#8221; text_orientation=&#8221;center&#8221; custom_margin=&#8221;0px||0px||true&#8221; custom_padding=&#8221;0px||15px||false&#8221; custom_padding_tablet=&#8221;0px|||&#8221; custom_padding_last_edited=&#8221;off|desktop&#8221;][et_pb_social_media_follow_network social_network=&#8221;facebook&#8221; url=&#8221;https:\/\/www.facebook.com\/Offbeat-Portugal-271753630034258\/&#8221; _builder_version=&#8221;3.7&#8243; background_color=&#8221;#404041&#8243; custom_margin=&#8221;0px||0px||true&#8221; custom_padding=&#8221;0px||0px||true&#8221; follow_button=&#8221;off&#8221; url_new_window=&#8221;on&#8221;]facebook[\/et_pb_social_media_follow_network][et_pb_social_media_follow_network social_network=&#8221;instagram&#8221; url=&#8221;https:\/\/www.instagram.com\/offbeat_portugal\/&#8221; _builder_version=&#8221;3.7&#8243; background_color=&#8221;#404041&#8243; custom_margin=&#8221;0px||0px||true&#8221; custom_padding=&#8221;0px||0px||true&#8221; follow_button=&#8221;off&#8221; url_new_window=&#8221;on&#8221;]instagram[\/et_pb_social_media_follow_network][\/et_pb_social_media_follow][et_pb_image src=&#8221;http:\/\/offbeatportugal.pt\/pt\/wp-content\/uploads\/2018\/07\/Logo_Membro_TDL_03.png&#8221; align=&#8221;center&#8221; module_class=&#8221;parceriaFOT&#8221; _builder_version=&#8221;3.9&#8243; module_alignment=&#8221;center&#8221; custom_margin=&#8221;0px||0px|&#8221; custom_padding=&#8221;0px||0px|&#8221; custom_padding_tablet=&#8221;15px||15px||true&#8221; custom_padding_last_edited=&#8221;on|desktop&#8221;][\/et_pb_image][et_pb_text admin_label=&#8221;Rodape nome do site&#8221; _builder_version=&#8221;3.9&#8243; text_font=&#8221;||||||||&#8221; header_font=&#8221;||||||||&#8221; background_size=&#8221;initial&#8221; background_position=&#8221;top_left&#8221; background_repeat=&#8221;repeat&#8221; text_orientation=&#8221;center&#8221; background_layout=&#8221;dark&#8221; custom_margin=&#8221;0px||0px||true&#8221; custom_padding=&#8221;0px||0px||false&#8221;]<\/p>\n<p>\u00a9 Offbeat Portugal | RNAVT: 7856<\/p>\n<p>[\/et_pb_text][et_pb_text admin_label=&#8221;Rodape nome do site&#8221; module_class=&#8221;linkfooter OBlink&#8221; _builder_version=&#8221;3.9&#8243; text_font=&#8221;||||||||&#8221; text_text_color=&#8221;#cccccc&#8221; text_font_size=&#8221;13px&#8221; header_font=&#8221;||||||||&#8221; background_size=&#8221;initial&#8221; background_position=&#8221;top_left&#8221; background_repeat=&#8221;repeat&#8221; text_orientation=&#8221;center&#8221; custom_margin=&#8221;0px||0px||true&#8221; custom_padding=&#8221;0px||0px||true&#8221;]<\/p>\n<p><a href=\"http:\/\/offbeatportugal.pt\/pt\/protecao-de-dados\/#PP\">Pol\u00edtica de Privacidade<\/a> | <a href=\"http:\/\/offbeatportugal.pt\/pt\/protecao-de-dados\/#RLO\">Resolu\u00e7\u00e3o de Lit\u00edgios Online<\/a> | <a href=\"http:\/\/offbeatportugal.pt\/pt\/protecao-de-dados\/#PC\">Pol\u00edtica de Cookies<\/a> | <a href=\"http:\/\/offbeatportugal.pt\/pt\/protecao-de-dados\/#IP\">Propriedade intelectual<\/a><\/p>\n<p>[\/et_pb_text][et_pb_text admin_label=&#8221;Rodape nome do site&#8221; module_class=&#8221;linkfooter OBlink&#8221; _builder_version=&#8221;3.9&#8243; text_font=&#8221;||||||||&#8221; text_text_color=&#8221;#cccccc&#8221; text_font_size=&#8221;13px&#8221; header_font=&#8221;||||||||&#8221; background_size=&#8221;initial&#8221; background_position=&#8221;top_left&#8221; background_repeat=&#8221;repeat&#8221; text_orientation=&#8221;center&#8221; custom_margin=&#8221;0px||0px||true&#8221; custom_padding=&#8221;0px||0px||true&#8221;]<\/p>\n<p>webdesign by: <a href=\"http:\/\/criativo.net\/\" target=\"_blank\" >criativo.net<\/a><\/p>\n<p>[\/et_pb_text][\/et_pb_column][\/et_pb_row][\/et_pb_section]<\/p>\n","protected":false},"excerpt":{"rendered":"<p>PLANEAR UMA VIAGEM ALGO INCR\u00cdVEL EST\u00c1 PRESTES A SER PLANEADOQuer saber mais sobre a Offbeat Portugal, reservar a sua pr\u00f3xima viagem ou planear um evento especial? Por favor preencha o formul\u00e1rio abaixo e entraremos em contacto consigo assim que poss\u00edvel.VIAGENS EXPERIENCIAIS Viagens de Luxo Servi\u00e7os de Concierge Luas-de-Mel Aventura F\u00e9rias em Fam\u00edlia Sa\u00fade e Bem-estarfacebookinstagram\u00a9 [&hellip;]<\/p>\n","protected":false},"author":3,"featured_media":0,"parent":0,"menu_order":0,"comment_status":"closed","ping_status":"closed","template":"","meta":{"_et_pb_use_builder":"on","_et_pb_old_content":"","_et_gb_content_width":"","_joinchat":[],"footnotes":""},"class_list":["post-36446","page","type-page","status-publish","hentry"],"_links":{"self":[{"href":"https:\/\/offbeatportugal.pt\/pt\/wp-json\/wp\/v2\/pages\/36446","targetHints":{"allow":["GET"]}}],"collection":[{"href":"https:\/\/offbeatportugal.pt\/pt\/wp-json\/wp\/v2\/pages"}],"about":[{"href":"https:\/\/offbeatportugal.pt\/pt\/wp-json\/wp\/v2\/types\/page"}],"author":[{"embeddable":true,"href":"https:\/\/offbeatportugal.pt\/pt\/wp-json\/wp\/v2\/users\/3"}],"replies":[{"embeddable":true,"href":"https:\/\/offbeatportugal.pt\/pt\/wp-json\/wp\/v2\/comments?post=36446"}],"version-history":[{"count":40,"href":"https:\/\/offbeatportugal.pt\/pt\/wp-json\/wp\/v2\/pages\/36446\/revisions"}],"predecessor-version":[{"id":37773,"href":"https:\/\/offbeatportugal.pt\/pt\/wp-json\/wp\/v2\/pages\/36446\/revisions\/37773"}],"wp:attachment":[{"href":"https:\/\/offbeatportugal.pt\/pt\/wp-json\/wp\/v2\/media?parent=36446"}],"curies":[{"name":"wp","href":"https:\/\/api.w.org\/{rel}","templated":true}]}}